{"id":499,"date":"2018-01-24T13:41:20","date_gmt":"2018-01-24T13:41:20","guid":{"rendered":"https:\/\/www.dr-koch-jean.chirurgiens-dentistes.fr\/mentions-legales\/"},"modified":"2018-04-16T10:40:08","modified_gmt":"2018-04-16T10:40:08","slug":"mentions-legales","status":"publish","type":"page","link":"https:\/\/www.dr-koch-jean.chirurgiens-dentistes.fr\/en\/mentions-legales\/","title":{"rendered":"Legal notices"},"content":{"rendered":"<p>Consultation of this site implies full and unreserved acceptance of the following information.<\/p>\n<h2>Ownership of website<\/h2>\n<hr \/>\n<p>The website <a title=\"Dr Jean Koch\" href=\"https:\/\/www.dr-koch-jean.chirurgiens-dentistes.fr\" target=\"_blank\" rel=\"noopener\">https:\/\/www.dr-koch-jean.chirurgiens-dentistes.fr<\/a> is the property of Dr Jean Koch, dental surgeon registered with the RRPS, the French register of healthcare professionals, registration number 10100432698.<\/p>\n<h2> Registered office <\/h2>\n<hr \/>\n<p>DR JEAN KOCH<br \/>\n1 crois\u00e9e des lys<br \/>\nSaint-Louis 68300<br \/>\nTel : +33 (0)3 89 69 36 08<br \/>\nSIRET no.: 804 881 209 00014<br \/>\nAPE: Dental practice <\/p>\n<h2> Site development <\/h2>\n<hr \/>\n<p>The website  <a title=\" Dr Jean Koch\" href=\"https:\/\/www.dr-koch-jean.chirurgiens-dentistes.fr\" target=\"_blank\" rel=\"noopener\">https:\/\/www.dr-koch-jean.chirurgiens-dentistes.fr<\/a> is developed and maintained by <b>Mediweb<\/b>.<\/p>\n<p>Mediweb<br \/>\n32, boulevard du Pr\u00e9sident Poincar\u00e9<br \/>\n67000 Strasbourg<br \/>\n<a title=\"Mediweb\" href=\"https:\/\/www.mediweb.co\" target=\"_blank\" rel=\"noopener\">www.mediweb.co<\/a><\/p>\n<h2> Web host <\/h2>\n<hr \/>\n<p>The <a title=\" Dr Jean Koch \" href=\"https:\/\/www.dr-koch-jean.chirurgiens-dentistes.fr\" target=\"_blank\" rel=\"noopener\">https:\/\/www.dr-koch-jean.chirurgiens-dentistes.fr<\/a>  website is hosted by:<\/p>\n<p>OVH SAS<br \/>\n2 rue Kellermann<br \/>\n59100 Roubaix<\/p>\n<h2> Site publisher<\/h2>\n<hr \/>\n<p>The content of the <a title=\"Dr Jean Koch\" href=\"https:\/\/www.dr-koch-jean.chirurgiens-dentistes.fr\" target=\"_blank\" rel=\"noopener\">https:\/\/www.dr-koch-jean.chirurgiens-dentistes.fr<\/a> website is published by Dr Jean Koch, who is its Publication Director. <\/p>\n<h2> Intellectual property <\/h2>\n<hr \/>\n<p>Dr Jean Koch is the owner of the structure and all the content provided on the <a title=\" Dr Jean Koch \" href=\"https:\/\/www.dr-koch-jean.chirurgiens-dentistes.fr\" target=\"_blank\" rel=\"noopener\">https:\/\/www.dr-koch-jean.chirurgiens-dentistes.fr<\/a> : website: texts, images, illustrations, logos, files and databases. Any unauthorised reproduction or distribution of all or part of this content is strictly prohibited. <\/p>\n<h2> Links <\/h2>\n<hr \/>\n<p>ONCD, the French National Board of Dental Surgeons: <a title=\"ONCD\" href=\"https:\/\/www.dr-koch-jean.chirurgiens-dentistes.fr\" target=\"_blank\" rel=\"noopener\">www.ordre-chirurgiens-dentistes.fr<\/a><\/p>\n","protected":false},"excerpt":{"rendered":"<p>Consultation of this site implies full and unreserved acceptance of the following information. Ownership of website The website https:\/\/www.dr-koch-jean.chirurgiens-dentistes.fr is the property of Dr Jean Koch, dental surgeon registered with the RRPS, the French register of healthcare professionals, registration number 10100432698. Registered office DR JEAN KOCH 1 crois\u00e9e des lys Saint-Louis 68300 Tel : +33 [&hellip;]<\/p>\n","protected":false},"author":3,"featured_media":0,"parent":0,"menu_order":0,"comment_status":"closed","ping_status":"closed","template":"","meta":{"_acf_changed":false,"footnotes":""},"class_list":["post-499","page","type-page","status-publish","hentry"],"acf":[],"yoast_head":"\n<title>Legal notices - Dr Jean Koch<\/title>\n<meta name=\"robots\" content=\"noindex, follow\" \/>\n<meta property=\"og:locale\" content=\"en_US\" \/>\n<meta property=\"og:type\" content=\"article\" \/>\n<meta property=\"og:title\" content=\"Legal notices - Dr Jean Koch\" \/>\n<meta property=\"og:description\" content=\"Consultation of this site implies full and unreserved acceptance of the following information. Ownership of website The website https:\/\/www.dr-koch-jean.chirurgiens-dentistes.fr is the property of Dr Jean Koch, dental surgeon registered with the RRPS, the French register of healthcare professionals, registration number 10100432698. Registered office DR JEAN KOCH 1 crois\u00e9e des lys Saint-Louis 68300 Tel : +33 [&hellip;]\" \/>\n<meta property=\"og:url\" content=\"https:\/\/www.dr-koch-jean.chirurgiens-dentistes.fr\/en\/mentions-legales\/\" \/>\n<meta property=\"og:site_name\" content=\"Dr Jean Koch\" \/>\n<meta property=\"article:modified_time\" content=\"2018-04-16T10:40:08+00:00\" \/>\n<meta name=\"twitter:card\" content=\"summary_large_image\" \/>\n<meta name=\"twitter:label1\" content=\"Est. reading time\" \/>\n\t<meta name=\"twitter:data1\" content=\"1 minute\" \/>\n<script type=\"application\/ld+json\" class=\"yoast-schema-graph\">{\"@context\":\"https:\\\/\\\/schema.org\",\"@graph\":[{\"@type\":\"WebPage\",\"@id\":\"https:\\\/\\\/www.dr-koch-jean.chirurgiens-dentistes.fr\\\/en\\\/mentions-legales\\\/\",\"url\":\"https:\\\/\\\/www.dr-koch-jean.chirurgiens-dentistes.fr\\\/en\\\/mentions-legales\\\/\",\"name\":\"Legal notices - Dr Jean Koch\",\"isPartOf\":{\"@id\":\"https:\\\/\\\/www.dr-koch-jean.chirurgiens-dentistes.fr\\\/#website\"},\"datePublished\":\"2018-01-24T13:41:20+00:00\",\"dateModified\":\"2018-04-16T10:40:08+00:00\",\"breadcrumb\":{\"@id\":\"https:\\\/\\\/www.dr-koch-jean.chirurgiens-dentistes.fr\\\/en\\\/mentions-legales\\\/#breadcrumb\"},\"inLanguage\":\"en-US\",\"potentialAction\":[{\"@type\":\"ReadAction\",\"target\":[\"https:\\\/\\\/www.dr-koch-jean.chirurgiens-dentistes.fr\\\/en\\\/mentions-legales\\\/\"]}]},{\"@type\":\"BreadcrumbList\",\"@id\":\"https:\\\/\\\/www.dr-koch-jean.chirurgiens-dentistes.fr\\\/en\\\/mentions-legales\\\/#breadcrumb\",\"itemListElement\":[{\"@type\":\"ListItem\",\"position\":1,\"name\":\"Home\",\"item\":\"https:\\\/\\\/www.dr-koch-jean.chirurgiens-dentistes.fr\\\/en\\\/\"},{\"@type\":\"ListItem\",\"position\":2,\"name\":\"Legal notices\"}]},{\"@type\":\"WebSite\",\"@id\":\"https:\\\/\\\/www.dr-koch-jean.chirurgiens-dentistes.fr\\\/#website\",\"url\":\"https:\\\/\\\/www.dr-koch-jean.chirurgiens-dentistes.fr\\\/\",\"name\":\"Dr Jean Koch\",\"description\":\"Dr Jean Koch | Orthodontiste \u00e0 Saint-Louis, \u00e0 proximit\u00e9 de B\u00e2le et Mulhouse\",\"publisher\":{\"@id\":\"https:\\\/\\\/www.dr-koch-jean.chirurgiens-dentistes.fr\\\/#organization\"},\"potentialAction\":[{\"@type\":\"SearchAction\",\"target\":{\"@type\":\"EntryPoint\",\"urlTemplate\":\"https:\\\/\\\/www.dr-koch-jean.chirurgiens-dentistes.fr\\\/?s={search_term_string}\"},\"query-input\":{\"@type\":\"PropertyValueSpecification\",\"valueRequired\":true,\"valueName\":\"search_term_string\"}}],\"inLanguage\":\"en-US\"},{\"@type\":\"Organization\",\"@id\":\"https:\\\/\\\/www.dr-koch-jean.chirurgiens-dentistes.fr\\\/#organization\",\"name\":\"Dr Jean Koch | Orthodontiste \u00e0 Saint-Louis, \u00e0 proximit\u00e9 de B\u00e2le et Mulhouse\",\"url\":\"https:\\\/\\\/www.dr-koch-jean.chirurgiens-dentistes.fr\\\/\",\"logo\":{\"@type\":\"ImageObject\",\"inLanguage\":\"en-US\",\"@id\":\"https:\\\/\\\/www.dr-koch-jean.chirurgiens-dentistes.fr\\\/#\\\/schema\\\/logo\\\/image\\\/\",\"url\":\"https:\\\/\\\/www.dr-koch-jean.chirurgiens-dentistes.fr\\\/wp-content\\\/uploads\\\/2018\\\/01\\\/valuers2-2.jpg\",\"contentUrl\":\"https:\\\/\\\/www.dr-koch-jean.chirurgiens-dentistes.fr\\\/wp-content\\\/uploads\\\/2018\\\/01\\\/valuers2-2.jpg\",\"width\":115,\"height\":85,\"caption\":\"Dr Jean Koch | Orthodontiste \u00e0 Saint-Louis, \u00e0 proximit\u00e9 de B\u00e2le et Mulhouse\"},\"image\":{\"@id\":\"https:\\\/\\\/www.dr-koch-jean.chirurgiens-dentistes.fr\\\/#\\\/schema\\\/logo\\\/image\\\/\"}}]}<\/script>\n","yoast_head_json":{"title":"Legal notices - Dr Jean Koch","robots":{"index":"noindex","follow":"follow"},"og_locale":"en_US","og_type":"article","og_title":"Legal notices - Dr Jean Koch","og_description":"Consultation of this site implies full and unreserved acceptance of the following information. Ownership of website The website https:\/\/www.dr-koch-jean.chirurgiens-dentistes.fr is the property of Dr Jean Koch, dental surgeon registered with the RRPS, the French register of healthcare professionals, registration number 10100432698. Registered office DR JEAN KOCH 1 crois\u00e9e des lys Saint-Louis 68300 Tel : +33 [&hellip;]","og_url":"https:\/\/www.dr-koch-jean.chirurgiens-dentistes.fr\/en\/mentions-legales\/","og_site_name":"Dr Jean Koch","article_modified_time":"2018-04-16T10:40:08+00:00","twitter_card":"summary_large_image","twitter_misc":{"Est. reading time":"1 minute"},"schema":{"@context":"https:\/\/schema.org","@graph":[{"@type":"WebPage","@id":"https:\/\/www.dr-koch-jean.chirurgiens-dentistes.fr\/en\/mentions-legales\/","url":"https:\/\/www.dr-koch-jean.chirurgiens-dentistes.fr\/en\/mentions-legales\/","name":"Legal notices - Dr Jean Koch","isPartOf":{"@id":"https:\/\/www.dr-koch-jean.chirurgiens-dentistes.fr\/#website"},"datePublished":"2018-01-24T13:41:20+00:00","dateModified":"2018-04-16T10:40:08+00:00","breadcrumb":{"@id":"https:\/\/www.dr-koch-jean.chirurgiens-dentistes.fr\/en\/mentions-legales\/#breadcrumb"},"inLanguage":"en-US","potentialAction":[{"@type":"ReadAction","target":["https:\/\/www.dr-koch-jean.chirurgiens-dentistes.fr\/en\/mentions-legales\/"]}]},{"@type":"BreadcrumbList","@id":"https:\/\/www.dr-koch-jean.chirurgiens-dentistes.fr\/en\/mentions-legales\/#breadcrumb","itemListElement":[{"@type":"ListItem","position":1,"name":"Home","item":"https:\/\/www.dr-koch-jean.chirurgiens-dentistes.fr\/en\/"},{"@type":"ListItem","position":2,"name":"Legal notices"}]},{"@type":"WebSite","@id":"https:\/\/www.dr-koch-jean.chirurgiens-dentistes.fr\/#website","url":"https:\/\/www.dr-koch-jean.chirurgiens-dentistes.fr\/","name":"Dr Jean Koch","description":"Dr Jean Koch | Orthodontiste \u00e0 Saint-Louis, \u00e0 proximit\u00e9 de B\u00e2le et Mulhouse","publisher":{"@id":"https:\/\/www.dr-koch-jean.chirurgiens-dentistes.fr\/#organization"},"potentialAction":[{"@type":"SearchAction","target":{"@type":"EntryPoint","urlTemplate":"https:\/\/www.dr-koch-jean.chirurgiens-dentistes.fr\/?s={search_term_string}"},"query-input":{"@type":"PropertyValueSpecification","valueRequired":true,"valueName":"search_term_string"}}],"inLanguage":"en-US"},{"@type":"Organization","@id":"https:\/\/www.dr-koch-jean.chirurgiens-dentistes.fr\/#organization","name":"Dr Jean Koch | Orthodontiste \u00e0 Saint-Louis, \u00e0 proximit\u00e9 de B\u00e2le et Mulhouse","url":"https:\/\/www.dr-koch-jean.chirurgiens-dentistes.fr\/","logo":{"@type":"ImageObject","inLanguage":"en-US","@id":"https:\/\/www.dr-koch-jean.chirurgiens-dentistes.fr\/#\/schema\/logo\/image\/","url":"https:\/\/www.dr-koch-jean.chirurgiens-dentistes.fr\/wp-content\/uploads\/2018\/01\/valuers2-2.jpg","contentUrl":"https:\/\/www.dr-koch-jean.chirurgiens-dentistes.fr\/wp-content\/uploads\/2018\/01\/valuers2-2.jpg","width":115,"height":85,"caption":"Dr Jean Koch | Orthodontiste \u00e0 Saint-Louis, \u00e0 proximit\u00e9 de B\u00e2le et Mulhouse"},"image":{"@id":"https:\/\/www.dr-koch-jean.chirurgiens-dentistes.fr\/#\/schema\/logo\/image\/"}}]}},"_links":{"self":[{"href":"https:\/\/www.dr-koch-jean.chirurgiens-dentistes.fr\/en\/wp-json\/wp\/v2\/pages\/499","targetHints":{"allow":["GET"]}}],"collection":[{"href":"https:\/\/www.dr-koch-jean.chirurgiens-dentistes.fr\/en\/wp-json\/wp\/v2\/pages"}],"about":[{"href":"https:\/\/www.dr-koch-jean.chirurgiens-dentistes.fr\/en\/wp-json\/wp\/v2\/types\/page"}],"author":[{"embeddable":true,"href":"https:\/\/www.dr-koch-jean.chirurgiens-dentistes.fr\/en\/wp-json\/wp\/v2\/users\/3"}],"replies":[{"embeddable":true,"href":"https:\/\/www.dr-koch-jean.chirurgiens-dentistes.fr\/en\/wp-json\/wp\/v2\/comments?post=499"}],"version-history":[{"count":0,"href":"https:\/\/www.dr-koch-jean.chirurgiens-dentistes.fr\/en\/wp-json\/wp\/v2\/pages\/499\/revisions"}],"wp:attachment":[{"href":"https:\/\/www.dr-koch-jean.chirurgiens-dentistes.fr\/en\/wp-json\/wp\/v2\/media?parent=499"}],"curies":[{"name":"wp","href":"https:\/\/api.w.org\/{rel}","templated":true}]}}