{"id":533,"date":"2017-12-01T12:52:27","date_gmt":"2017-12-01T12:52:27","guid":{"rendered":"https:\/\/www.dr-koch-jean.chirurgiens-dentistes.fr\/consulter-un-orthodontiste\/"},"modified":"2018-04-06T18:37:55","modified_gmt":"2018-04-06T18:37:55","slug":"consulter-un-orthodontiste","status":"publish","type":"page","link":"https:\/\/www.dr-koch-jean.chirurgiens-dentistes.fr\/de\/consulter-un-orthodontiste\/","title":{"rendered":"Termin beim Kieferorthop\u00e4den"},"content":{"rendered":"","protected":false},"excerpt":{"rendered":"","protected":false},"author":3,"featured_media":0,"parent":0,"menu_order":0,"comment_status":"closed","ping_status":"closed","template":"conseils-templates\/conseil-1.php","meta":{"_acf_changed":false,"footnotes":""},"class_list":["post-533","page","type-page","status-publish","hentry"],"acf":[],"yoast_head":"\n<title>Termin beim Kieferorthop\u00e4den | Dr. Jean Koch \u2013 Kieferorthop\u00e4de in Saint-Louis<\/title>\n<meta name=\"description\" content=\"Wann sollten Sie Ihren Kieferorthop\u00e4den aufsuchen? Bei allen Fragen zu Ihrer Mund- und Zahngesundheit, zu den Voraussetzungen f\u00fcr eine Zahnspange, zur Stellung Ihrer Z\u00e4hne, zu Diagnose und kieferorthop\u00e4discher Untersuchung\" \/>\n<meta name=\"robots\" content=\"index, follow, max-snippet:-1, max-image-preview:large, max-video-preview:-1\" \/>\n<link rel=\"canonical\" href=\"https:\/\/www.dr-koch-jean.chirurgiens-dentistes.fr\/de\/consulter-un-orthodontiste\/\" \/>\n<meta property=\"og:locale\" content=\"de_DE\" \/>\n<meta property=\"og:type\" content=\"article\" \/>\n<meta property=\"og:title\" content=\"Termin beim Kieferorthop\u00e4den | Dr. Jean Koch \u2013 Kieferorthop\u00e4de in Saint-Louis\" \/>\n<meta property=\"og:description\" content=\"Wann sollten Sie Ihren Kieferorthop\u00e4den aufsuchen? Bei allen Fragen zu Ihrer Mund- und Zahngesundheit, zu den Voraussetzungen f\u00fcr eine Zahnspange, zur Stellung Ihrer Z\u00e4hne, zu Diagnose und kieferorthop\u00e4discher Untersuchung\" \/>\n<meta property=\"og:url\" content=\"https:\/\/www.dr-koch-jean.chirurgiens-dentistes.fr\/de\/consulter-un-orthodontiste\/\" \/>\n<meta property=\"og:site_name\" content=\"Dr Jean Koch\" \/>\n<meta property=\"article:modified_time\" content=\"2018-04-06T18:37:55+00:00\" \/>\n<meta name=\"twitter:card\" content=\"summary_large_image\" \/>\n<script type=\"application\/ld+json\" class=\"yoast-schema-graph\">{\"@context\":\"https:\\\/\\\/schema.org\",\"@graph\":[{\"@type\":\"WebPage\",\"@id\":\"https:\\\/\\\/www.dr-koch-jean.chirurgiens-dentistes.fr\\\/de\\\/consulter-un-orthodontiste\\\/\",\"url\":\"https:\\\/\\\/www.dr-koch-jean.chirurgiens-dentistes.fr\\\/de\\\/consulter-un-orthodontiste\\\/\",\"name\":\"Termin beim Kieferorthop\u00e4den | Dr. Jean Koch \u2013 Kieferorthop\u00e4de in Saint-Louis\",\"isPartOf\":{\"@id\":\"https:\\\/\\\/www.dr-koch-jean.chirurgiens-dentistes.fr\\\/#website\"},\"datePublished\":\"2017-12-01T12:52:27+00:00\",\"dateModified\":\"2018-04-06T18:37:55+00:00\",\"description\":\"Wann sollten Sie Ihren Kieferorthop\u00e4den aufsuchen? Bei allen Fragen zu Ihrer Mund- und Zahngesundheit, zu den Voraussetzungen f\u00fcr eine Zahnspange, zur Stellung Ihrer Z\u00e4hne, zu Diagnose und kieferorthop\u00e4discher Untersuchung\",\"breadcrumb\":{\"@id\":\"https:\\\/\\\/www.dr-koch-jean.chirurgiens-dentistes.fr\\\/de\\\/consulter-un-orthodontiste\\\/#breadcrumb\"},\"inLanguage\":\"de\",\"potentialAction\":[{\"@type\":\"ReadAction\",\"target\":[\"https:\\\/\\\/www.dr-koch-jean.chirurgiens-dentistes.fr\\\/de\\\/consulter-un-orthodontiste\\\/\"]}]},{\"@type\":\"BreadcrumbList\",\"@id\":\"https:\\\/\\\/www.dr-koch-jean.chirurgiens-dentistes.fr\\\/de\\\/consulter-un-orthodontiste\\\/#breadcrumb\",\"itemListElement\":[{\"@type\":\"ListItem\",\"position\":1,\"name\":\"Home\",\"item\":\"https:\\\/\\\/www.dr-koch-jean.chirurgiens-dentistes.fr\\\/de\\\/\"},{\"@type\":\"ListItem\",\"position\":2,\"name\":\"Termin beim Kieferorthop\u00e4den\"}]},{\"@type\":\"WebSite\",\"@id\":\"https:\\\/\\\/www.dr-koch-jean.chirurgiens-dentistes.fr\\\/#website\",\"url\":\"https:\\\/\\\/www.dr-koch-jean.chirurgiens-dentistes.fr\\\/\",\"name\":\"Dr Jean Koch\",\"description\":\"Dr Jean Koch | Orthodontiste \u00e0 Saint-Louis, \u00e0 proximit\u00e9 de B\u00e2le et Mulhouse\",\"publisher\":{\"@id\":\"https:\\\/\\\/www.dr-koch-jean.chirurgiens-dentistes.fr\\\/#organization\"},\"potentialAction\":[{\"@type\":\"SearchAction\",\"target\":{\"@type\":\"EntryPoint\",\"urlTemplate\":\"https:\\\/\\\/www.dr-koch-jean.chirurgiens-dentistes.fr\\\/?s={search_term_string}\"},\"query-input\":{\"@type\":\"PropertyValueSpecification\",\"valueRequired\":true,\"valueName\":\"search_term_string\"}}],\"inLanguage\":\"de\"},{\"@type\":\"Organization\",\"@id\":\"https:\\\/\\\/www.dr-koch-jean.chirurgiens-dentistes.fr\\\/#organization\",\"name\":\"Dr Jean Koch | Orthodontiste \u00e0 Saint-Louis, \u00e0 proximit\u00e9 de B\u00e2le et Mulhouse\",\"url\":\"https:\\\/\\\/www.dr-koch-jean.chirurgiens-dentistes.fr\\\/\",\"logo\":{\"@type\":\"ImageObject\",\"inLanguage\":\"de\",\"@id\":\"https:\\\/\\\/www.dr-koch-jean.chirurgiens-dentistes.fr\\\/#\\\/schema\\\/logo\\\/image\\\/\",\"url\":\"https:\\\/\\\/www.dr-koch-jean.chirurgiens-dentistes.fr\\\/wp-content\\\/uploads\\\/2018\\\/01\\\/valuers2-2.jpg\",\"contentUrl\":\"https:\\\/\\\/www.dr-koch-jean.chirurgiens-dentistes.fr\\\/wp-content\\\/uploads\\\/2018\\\/01\\\/valuers2-2.jpg\",\"width\":115,\"height\":85,\"caption\":\"Dr Jean Koch | Orthodontiste \u00e0 Saint-Louis, \u00e0 proximit\u00e9 de B\u00e2le et Mulhouse\"},\"image\":{\"@id\":\"https:\\\/\\\/www.dr-koch-jean.chirurgiens-dentistes.fr\\\/#\\\/schema\\\/logo\\\/image\\\/\"}}]}<\/script>\n","yoast_head_json":{"title":"Termin beim Kieferorthop\u00e4den | Dr. Jean Koch \u2013 Kieferorthop\u00e4de in Saint-Louis","description":"Wann sollten Sie Ihren Kieferorthop\u00e4den aufsuchen? Bei allen Fragen zu Ihrer Mund- und Zahngesundheit, zu den Voraussetzungen f\u00fcr eine Zahnspange, zur Stellung Ihrer Z\u00e4hne, zu Diagnose und kieferorthop\u00e4discher Untersuchung","robots":{"index":"index","follow":"follow","max-snippet":"max-snippet:-1","max-image-preview":"max-image-preview:large","max-video-preview":"max-video-preview:-1"},"canonical":"https:\/\/www.dr-koch-jean.chirurgiens-dentistes.fr\/de\/consulter-un-orthodontiste\/","og_locale":"de_DE","og_type":"article","og_title":"Termin beim Kieferorthop\u00e4den | Dr. Jean Koch \u2013 Kieferorthop\u00e4de in Saint-Louis","og_description":"Wann sollten Sie Ihren Kieferorthop\u00e4den aufsuchen? Bei allen Fragen zu Ihrer Mund- und Zahngesundheit, zu den Voraussetzungen f\u00fcr eine Zahnspange, zur Stellung Ihrer Z\u00e4hne, zu Diagnose und kieferorthop\u00e4discher Untersuchung","og_url":"https:\/\/www.dr-koch-jean.chirurgiens-dentistes.fr\/de\/consulter-un-orthodontiste\/","og_site_name":"Dr Jean Koch","article_modified_time":"2018-04-06T18:37:55+00:00","twitter_card":"summary_large_image","schema":{"@context":"https:\/\/schema.org","@graph":[{"@type":"WebPage","@id":"https:\/\/www.dr-koch-jean.chirurgiens-dentistes.fr\/de\/consulter-un-orthodontiste\/","url":"https:\/\/www.dr-koch-jean.chirurgiens-dentistes.fr\/de\/consulter-un-orthodontiste\/","name":"Termin beim Kieferorthop\u00e4den | Dr. Jean Koch \u2013 Kieferorthop\u00e4de in Saint-Louis","isPartOf":{"@id":"https:\/\/www.dr-koch-jean.chirurgiens-dentistes.fr\/#website"},"datePublished":"2017-12-01T12:52:27+00:00","dateModified":"2018-04-06T18:37:55+00:00","description":"Wann sollten Sie Ihren Kieferorthop\u00e4den aufsuchen? Bei allen Fragen zu Ihrer Mund- und Zahngesundheit, zu den Voraussetzungen f\u00fcr eine Zahnspange, zur Stellung Ihrer Z\u00e4hne, zu Diagnose und kieferorthop\u00e4discher Untersuchung","breadcrumb":{"@id":"https:\/\/www.dr-koch-jean.chirurgiens-dentistes.fr\/de\/consulter-un-orthodontiste\/#breadcrumb"},"inLanguage":"de","potentialAction":[{"@type":"ReadAction","target":["https:\/\/www.dr-koch-jean.chirurgiens-dentistes.fr\/de\/consulter-un-orthodontiste\/"]}]},{"@type":"BreadcrumbList","@id":"https:\/\/www.dr-koch-jean.chirurgiens-dentistes.fr\/de\/consulter-un-orthodontiste\/#breadcrumb","itemListElement":[{"@type":"ListItem","position":1,"name":"Home","item":"https:\/\/www.dr-koch-jean.chirurgiens-dentistes.fr\/de\/"},{"@type":"ListItem","position":2,"name":"Termin beim Kieferorthop\u00e4den"}]},{"@type":"WebSite","@id":"https:\/\/www.dr-koch-jean.chirurgiens-dentistes.fr\/#website","url":"https:\/\/www.dr-koch-jean.chirurgiens-dentistes.fr\/","name":"Dr Jean Koch","description":"Dr Jean Koch | Orthodontiste \u00e0 Saint-Louis, \u00e0 proximit\u00e9 de B\u00e2le et Mulhouse","publisher":{"@id":"https:\/\/www.dr-koch-jean.chirurgiens-dentistes.fr\/#organization"},"potentialAction":[{"@type":"SearchAction","target":{"@type":"EntryPoint","urlTemplate":"https:\/\/www.dr-koch-jean.chirurgiens-dentistes.fr\/?s={search_term_string}"},"query-input":{"@type":"PropertyValueSpecification","valueRequired":true,"valueName":"search_term_string"}}],"inLanguage":"de"},{"@type":"Organization","@id":"https:\/\/www.dr-koch-jean.chirurgiens-dentistes.fr\/#organization","name":"Dr Jean Koch | Orthodontiste \u00e0 Saint-Louis, \u00e0 proximit\u00e9 de B\u00e2le et Mulhouse","url":"https:\/\/www.dr-koch-jean.chirurgiens-dentistes.fr\/","logo":{"@type":"ImageObject","inLanguage":"de","@id":"https:\/\/www.dr-koch-jean.chirurgiens-dentistes.fr\/#\/schema\/logo\/image\/","url":"https:\/\/www.dr-koch-jean.chirurgiens-dentistes.fr\/wp-content\/uploads\/2018\/01\/valuers2-2.jpg","contentUrl":"https:\/\/www.dr-koch-jean.chirurgiens-dentistes.fr\/wp-content\/uploads\/2018\/01\/valuers2-2.jpg","width":115,"height":85,"caption":"Dr Jean Koch | Orthodontiste \u00e0 Saint-Louis, \u00e0 proximit\u00e9 de B\u00e2le et Mulhouse"},"image":{"@id":"https:\/\/www.dr-koch-jean.chirurgiens-dentistes.fr\/#\/schema\/logo\/image\/"}}]}},"_links":{"self":[{"href":"https:\/\/www.dr-koch-jean.chirurgiens-dentistes.fr\/de\/wp-json\/wp\/v2\/pages\/533","targetHints":{"allow":["GET"]}}],"collection":[{"href":"https:\/\/www.dr-koch-jean.chirurgiens-dentistes.fr\/de\/wp-json\/wp\/v2\/pages"}],"about":[{"href":"https:\/\/www.dr-koch-jean.chirurgiens-dentistes.fr\/de\/wp-json\/wp\/v2\/types\/page"}],"author":[{"embeddable":true,"href":"https:\/\/www.dr-koch-jean.chirurgiens-dentistes.fr\/de\/wp-json\/wp\/v2\/users\/3"}],"replies":[{"embeddable":true,"href":"https:\/\/www.dr-koch-jean.chirurgiens-dentistes.fr\/de\/wp-json\/wp\/v2\/comments?post=533"}],"version-history":[{"count":0,"href":"https:\/\/www.dr-koch-jean.chirurgiens-dentistes.fr\/de\/wp-json\/wp\/v2\/pages\/533\/revisions"}],"wp:attachment":[{"href":"https:\/\/www.dr-koch-jean.chirurgiens-dentistes.fr\/de\/wp-json\/wp\/v2\/media?parent=533"}],"curies":[{"name":"wp","href":"https:\/\/api.w.org\/{rel}","templated":true}]}}