{"id":524,"date":"2018-01-24T13:41:20","date_gmt":"2018-01-24T13:41:20","guid":{"rendered":"https:\/\/www.dr-koch-jean.chirurgiens-dentistes.fr\/mentions-legales\/"},"modified":"2018-04-16T10:48:48","modified_gmt":"2018-04-16T10:48:48","slug":"mentions-legales","status":"publish","type":"page","link":"https:\/\/www.dr-koch-jean.chirurgiens-dentistes.fr\/de\/mentions-legales\/","title":{"rendered":"Impressum"},"content":{"rendered":"<p>Mit dem Besuch dieser Website wird vorausgesetzt, dass der Benutzer sich vollst\u00e4ndig und ohne Vorbehalte mit den nachstehenden Bedingungen einverstanden erkl\u00e4rt.<\/p>\n<h2> Eigentum der Website<\/h2>\n<hr \/>\n<p>Die Website <a title=\"Dr Jean Koch\" href=\"https:\/\/www.dr-koch-jean.chirurgiens-dentistes.fr\" target=\"_blank\" rel=\"noopener\">https:\/\/www.dr-koch-jean.chirurgiens-dentistes.fr<\/a> ist Eigentum von Dr. Jean Koch, Zahnarzt, registriert unter der Nummer 10100432698 im franz\u00f6sischen Verzeichnis f\u00fcr \u00c4rzte, Hebammen, Zahn\u00e4rzte und Apotheker (RPPS).<\/p>\n<h2> Gesch\u00e4ftssitz<\/h2>\n<hr \/>\n<p>DR JEAN KOCH<br \/>\n1 crois\u00e9e des lys<br \/>\nSaint-Louis 68300<br \/>\nTel: +33 (0)3 89 69 36 08<br \/>\nSIRET-Nummer: 804 881 209 00014<br \/>\nAPE-Code: Zahnarztpraxis<\/p>\n<h2> Weiterentwicklung der Website<\/h2>\n<hr \/>\n<p>Die Website <a title=\" Dr Jean Koch\" href=\"https:\/\/www.dr-koch-jean.chirurgiens-dentistes.fr\" target=\"_blank\" rel=\"noopener\">https:\/\/www.dr-koch-jean.chirurgiens-dentistes.fr<\/a wird von dem Unternehmen  <b>Mediweb<\/b> weiterentwickelt und aktualisiert.<\/p>\n<p>Mediweb<br \/>\n32, boulevard du Pr\u00e9sident Poincar\u00e9<br \/>\nF-67000 Strasbourg<br \/>\n<a title=\"Mediweb\" href=\"https:\/\/www.mediweb.co\" target=\"_blank\" rel=\"noopener\">www.mediweb.co<\/a><\/p>\n<h2> Hosting der Website<\/h2>\n<hr \/>\n<p>Die Website <a title=\" Dr Jean Koch \" href=\"https:\/\/www.dr-koch-jean.chirurgiens-dentistes.fr\" target=\"_blank\" rel=\"noopener\">https:\/\/www.dr-koch-jean.chirurgiens-dentistes.fr<\/a>  wird gehostet von:<br \/>\nOVH SAS<br \/>\n2 rue Kellermann<br \/>\nF-59100 Roubaix<\/p>\n<h2> Herausgeber der Website<\/h2>\n<hr \/>\n<p>Herausgeber und verantwortlicher Redakteur der Website <a title=\"Dr Jean Koch\" href=\"https:\/\/www.dr-koch-jean.chirurgiens-dentistes.fr\" target=\"_blank\" rel=\"noopener\">https:\/\/www.dr-koch-jean.chirurgiens-dentistes.fr<\/a> ist Dr. Jean Koch.<\/p>\n<h2> Geistiges Eigentum<\/h2>\n<hr \/>\n<p>Dr. Jean Koch ist Eigent\u00fcmer der Struktur sowie s\u00e4mtlicher Inhalte der Website <a title=\" Dr Jean Koch \" href=\"https:\/\/www.dr-koch-jean.chirurgiens-dentistes.fr\" target=\"_blank\" rel=\"noopener\">https:\/\/www.dr-koch-jean.chirurgiens-dentistes.fr<\/a> : Texte, Bilder, Illustrationen, Logos, Dateien und Datenbanken. Jegliche ganze oder teilweise Vervielf\u00e4ltigung oder Verbreitung ist ohne vorherige Genehmigung streng untersagt.<\/p>\n<hr \/>\n<h2> Links<\/h2>\n<p>Franz\u00f6sische Zahn\u00e4rztekammer (Ordre National des Chirurgiens Dentistes, ONCD): <a title=\"ONCD\" href=\"https:\/\/www.dr-koch-jean.chirurgiens-dentistes.fr\" target=\"_blank\" rel=\"noopener\">www.ordre-chirurgiens-dentistes.fr<\/a><\/p>\n","protected":false},"excerpt":{"rendered":"<p>Mit dem Besuch dieser Website wird vorausgesetzt, dass der Benutzer sich vollst\u00e4ndig und ohne Vorbehalte mit den nachstehenden Bedingungen einverstanden erkl\u00e4rt. Eigentum der Website Die Website https:\/\/www.dr-koch-jean.chirurgiens-dentistes.fr ist Eigentum von Dr. Jean Koch, Zahnarzt, registriert unter der Nummer 10100432698 im franz\u00f6sischen Verzeichnis f\u00fcr \u00c4rzte, Hebammen, Zahn\u00e4rzte und Apotheker (RPPS). Gesch\u00e4ftssitz DR JEAN KOCH 1 crois\u00e9e [&hellip;]<\/p>\n","protected":false},"author":3,"featured_media":0,"parent":0,"menu_order":0,"comment_status":"closed","ping_status":"closed","template":"","meta":{"_acf_changed":false,"footnotes":""},"class_list":["post-524","page","type-page","status-publish","hentry"],"acf":[],"yoast_head":"\n<title>Impressum - Dr Jean Koch<\/title>\n<meta name=\"robots\" content=\"noindex, follow\" \/>\n<meta property=\"og:locale\" content=\"de_DE\" \/>\n<meta property=\"og:type\" content=\"article\" \/>\n<meta property=\"og:title\" content=\"Impressum - Dr Jean Koch\" \/>\n<meta property=\"og:description\" content=\"Mit dem Besuch dieser Website wird vorausgesetzt, dass der Benutzer sich vollst\u00e4ndig und ohne Vorbehalte mit den nachstehenden Bedingungen einverstanden erkl\u00e4rt. Eigentum der Website Die Website https:\/\/www.dr-koch-jean.chirurgiens-dentistes.fr ist Eigentum von Dr. Jean Koch, Zahnarzt, registriert unter der Nummer 10100432698 im franz\u00f6sischen Verzeichnis f\u00fcr \u00c4rzte, Hebammen, Zahn\u00e4rzte und Apotheker (RPPS). Gesch\u00e4ftssitz DR JEAN KOCH 1 crois\u00e9e [&hellip;]\" \/>\n<meta property=\"og:url\" content=\"https:\/\/www.dr-koch-jean.chirurgiens-dentistes.fr\/de\/mentions-legales\/\" \/>\n<meta property=\"og:site_name\" content=\"Dr Jean Koch\" \/>\n<meta property=\"article:modified_time\" content=\"2018-04-16T10:48:48+00:00\" \/>\n<meta name=\"twitter:card\" content=\"summary_large_image\" \/>\n<script type=\"application\/ld+json\" class=\"yoast-schema-graph\">{\"@context\":\"https:\\\/\\\/schema.org\",\"@graph\":[{\"@type\":\"WebPage\",\"@id\":\"https:\\\/\\\/www.dr-koch-jean.chirurgiens-dentistes.fr\\\/de\\\/mentions-legales\\\/\",\"url\":\"https:\\\/\\\/www.dr-koch-jean.chirurgiens-dentistes.fr\\\/de\\\/mentions-legales\\\/\",\"name\":\"Impressum - Dr Jean Koch\",\"isPartOf\":{\"@id\":\"https:\\\/\\\/www.dr-koch-jean.chirurgiens-dentistes.fr\\\/#website\"},\"datePublished\":\"2018-01-24T13:41:20+00:00\",\"dateModified\":\"2018-04-16T10:48:48+00:00\",\"breadcrumb\":{\"@id\":\"https:\\\/\\\/www.dr-koch-jean.chirurgiens-dentistes.fr\\\/de\\\/mentions-legales\\\/#breadcrumb\"},\"inLanguage\":\"de\",\"potentialAction\":[{\"@type\":\"ReadAction\",\"target\":[\"https:\\\/\\\/www.dr-koch-jean.chirurgiens-dentistes.fr\\\/de\\\/mentions-legales\\\/\"]}]},{\"@type\":\"BreadcrumbList\",\"@id\":\"https:\\\/\\\/www.dr-koch-jean.chirurgiens-dentistes.fr\\\/de\\\/mentions-legales\\\/#breadcrumb\",\"itemListElement\":[{\"@type\":\"ListItem\",\"position\":1,\"name\":\"Home\",\"item\":\"https:\\\/\\\/www.dr-koch-jean.chirurgiens-dentistes.fr\\\/de\\\/\"},{\"@type\":\"ListItem\",\"position\":2,\"name\":\"Impressum\"}]},{\"@type\":\"WebSite\",\"@id\":\"https:\\\/\\\/www.dr-koch-jean.chirurgiens-dentistes.fr\\\/#website\",\"url\":\"https:\\\/\\\/www.dr-koch-jean.chirurgiens-dentistes.fr\\\/\",\"name\":\"Dr Jean Koch\",\"description\":\"Dr Jean Koch | Orthodontiste \u00e0 Saint-Louis, \u00e0 proximit\u00e9 de B\u00e2le et Mulhouse\",\"publisher\":{\"@id\":\"https:\\\/\\\/www.dr-koch-jean.chirurgiens-dentistes.fr\\\/#organization\"},\"potentialAction\":[{\"@type\":\"SearchAction\",\"target\":{\"@type\":\"EntryPoint\",\"urlTemplate\":\"https:\\\/\\\/www.dr-koch-jean.chirurgiens-dentistes.fr\\\/?s={search_term_string}\"},\"query-input\":{\"@type\":\"PropertyValueSpecification\",\"valueRequired\":true,\"valueName\":\"search_term_string\"}}],\"inLanguage\":\"de\"},{\"@type\":\"Organization\",\"@id\":\"https:\\\/\\\/www.dr-koch-jean.chirurgiens-dentistes.fr\\\/#organization\",\"name\":\"Dr Jean Koch | Orthodontiste \u00e0 Saint-Louis, \u00e0 proximit\u00e9 de B\u00e2le et Mulhouse\",\"url\":\"https:\\\/\\\/www.dr-koch-jean.chirurgiens-dentistes.fr\\\/\",\"logo\":{\"@type\":\"ImageObject\",\"inLanguage\":\"de\",\"@id\":\"https:\\\/\\\/www.dr-koch-jean.chirurgiens-dentistes.fr\\\/#\\\/schema\\\/logo\\\/image\\\/\",\"url\":\"https:\\\/\\\/www.dr-koch-jean.chirurgiens-dentistes.fr\\\/wp-content\\\/uploads\\\/2018\\\/01\\\/valuers2-2.jpg\",\"contentUrl\":\"https:\\\/\\\/www.dr-koch-jean.chirurgiens-dentistes.fr\\\/wp-content\\\/uploads\\\/2018\\\/01\\\/valuers2-2.jpg\",\"width\":115,\"height\":85,\"caption\":\"Dr Jean Koch | Orthodontiste \u00e0 Saint-Louis, \u00e0 proximit\u00e9 de B\u00e2le et Mulhouse\"},\"image\":{\"@id\":\"https:\\\/\\\/www.dr-koch-jean.chirurgiens-dentistes.fr\\\/#\\\/schema\\\/logo\\\/image\\\/\"}}]}<\/script>\n","yoast_head_json":{"title":"Impressum - Dr Jean Koch","robots":{"index":"noindex","follow":"follow"},"og_locale":"de_DE","og_type":"article","og_title":"Impressum - Dr Jean Koch","og_description":"Mit dem Besuch dieser Website wird vorausgesetzt, dass der Benutzer sich vollst\u00e4ndig und ohne Vorbehalte mit den nachstehenden Bedingungen einverstanden erkl\u00e4rt. Eigentum der Website Die Website https:\/\/www.dr-koch-jean.chirurgiens-dentistes.fr ist Eigentum von Dr. Jean Koch, Zahnarzt, registriert unter der Nummer 10100432698 im franz\u00f6sischen Verzeichnis f\u00fcr \u00c4rzte, Hebammen, Zahn\u00e4rzte und Apotheker (RPPS). Gesch\u00e4ftssitz DR JEAN KOCH 1 crois\u00e9e [&hellip;]","og_url":"https:\/\/www.dr-koch-jean.chirurgiens-dentistes.fr\/de\/mentions-legales\/","og_site_name":"Dr Jean Koch","article_modified_time":"2018-04-16T10:48:48+00:00","twitter_card":"summary_large_image","schema":{"@context":"https:\/\/schema.org","@graph":[{"@type":"WebPage","@id":"https:\/\/www.dr-koch-jean.chirurgiens-dentistes.fr\/de\/mentions-legales\/","url":"https:\/\/www.dr-koch-jean.chirurgiens-dentistes.fr\/de\/mentions-legales\/","name":"Impressum - Dr Jean Koch","isPartOf":{"@id":"https:\/\/www.dr-koch-jean.chirurgiens-dentistes.fr\/#website"},"datePublished":"2018-01-24T13:41:20+00:00","dateModified":"2018-04-16T10:48:48+00:00","breadcrumb":{"@id":"https:\/\/www.dr-koch-jean.chirurgiens-dentistes.fr\/de\/mentions-legales\/#breadcrumb"},"inLanguage":"de","potentialAction":[{"@type":"ReadAction","target":["https:\/\/www.dr-koch-jean.chirurgiens-dentistes.fr\/de\/mentions-legales\/"]}]},{"@type":"BreadcrumbList","@id":"https:\/\/www.dr-koch-jean.chirurgiens-dentistes.fr\/de\/mentions-legales\/#breadcrumb","itemListElement":[{"@type":"ListItem","position":1,"name":"Home","item":"https:\/\/www.dr-koch-jean.chirurgiens-dentistes.fr\/de\/"},{"@type":"ListItem","position":2,"name":"Impressum"}]},{"@type":"WebSite","@id":"https:\/\/www.dr-koch-jean.chirurgiens-dentistes.fr\/#website","url":"https:\/\/www.dr-koch-jean.chirurgiens-dentistes.fr\/","name":"Dr Jean Koch","description":"Dr Jean Koch | Orthodontiste \u00e0 Saint-Louis, \u00e0 proximit\u00e9 de B\u00e2le et Mulhouse","publisher":{"@id":"https:\/\/www.dr-koch-jean.chirurgiens-dentistes.fr\/#organization"},"potentialAction":[{"@type":"SearchAction","target":{"@type":"EntryPoint","urlTemplate":"https:\/\/www.dr-koch-jean.chirurgiens-dentistes.fr\/?s={search_term_string}"},"query-input":{"@type":"PropertyValueSpecification","valueRequired":true,"valueName":"search_term_string"}}],"inLanguage":"de"},{"@type":"Organization","@id":"https:\/\/www.dr-koch-jean.chirurgiens-dentistes.fr\/#organization","name":"Dr Jean Koch | Orthodontiste \u00e0 Saint-Louis, \u00e0 proximit\u00e9 de B\u00e2le et Mulhouse","url":"https:\/\/www.dr-koch-jean.chirurgiens-dentistes.fr\/","logo":{"@type":"ImageObject","inLanguage":"de","@id":"https:\/\/www.dr-koch-jean.chirurgiens-dentistes.fr\/#\/schema\/logo\/image\/","url":"https:\/\/www.dr-koch-jean.chirurgiens-dentistes.fr\/wp-content\/uploads\/2018\/01\/valuers2-2.jpg","contentUrl":"https:\/\/www.dr-koch-jean.chirurgiens-dentistes.fr\/wp-content\/uploads\/2018\/01\/valuers2-2.jpg","width":115,"height":85,"caption":"Dr Jean Koch | Orthodontiste \u00e0 Saint-Louis, \u00e0 proximit\u00e9 de B\u00e2le et Mulhouse"},"image":{"@id":"https:\/\/www.dr-koch-jean.chirurgiens-dentistes.fr\/#\/schema\/logo\/image\/"}}]}},"_links":{"self":[{"href":"https:\/\/www.dr-koch-jean.chirurgiens-dentistes.fr\/de\/wp-json\/wp\/v2\/pages\/524","targetHints":{"allow":["GET"]}}],"collection":[{"href":"https:\/\/www.dr-koch-jean.chirurgiens-dentistes.fr\/de\/wp-json\/wp\/v2\/pages"}],"about":[{"href":"https:\/\/www.dr-koch-jean.chirurgiens-dentistes.fr\/de\/wp-json\/wp\/v2\/types\/page"}],"author":[{"embeddable":true,"href":"https:\/\/www.dr-koch-jean.chirurgiens-dentistes.fr\/de\/wp-json\/wp\/v2\/users\/3"}],"replies":[{"embeddable":true,"href":"https:\/\/www.dr-koch-jean.chirurgiens-dentistes.fr\/de\/wp-json\/wp\/v2\/comments?post=524"}],"version-history":[{"count":0,"href":"https:\/\/www.dr-koch-jean.chirurgiens-dentistes.fr\/de\/wp-json\/wp\/v2\/pages\/524\/revisions"}],"wp:attachment":[{"href":"https:\/\/www.dr-koch-jean.chirurgiens-dentistes.fr\/de\/wp-json\/wp\/v2\/media?parent=524"}],"curies":[{"name":"wp","href":"https:\/\/api.w.org\/{rel}","templated":true}]}}