{"id":458,"date":"2017-12-01T12:52:50","date_gmt":"2017-12-01T12:52:50","guid":{"rendered":"https:\/\/www.dr-koch-jean.chirurgiens-dentistes.fr\/consignes-orthodontiques\/"},"modified":"2018-04-06T18:28:31","modified_gmt":"2018-04-06T18:28:31","slug":"consignes-orthodontiques","status":"publish","type":"page","link":"https:\/\/www.dr-koch-jean.chirurgiens-dentistes.fr\/de\/consignes-orthodontiques\/","title":{"rendered":"DOs und DON\u2019Ts der Kieferorthop\u00e4die"},"content":{"rendered":"","protected":false},"excerpt":{"rendered":"","protected":false},"author":3,"featured_media":0,"parent":0,"menu_order":0,"comment_status":"closed","ping_status":"closed","template":"conseils-templates\/conseil-3.php","meta":{"_acf_changed":false,"footnotes":""},"class_list":["post-458","page","type-page","status-publish","hentry"],"acf":[],"yoast_head":"\n<title>DOs und DON\u2019Ts der Kieferorthop\u00e4die | Dr. Jean Koch \u2013 Kieferorthop\u00e4de in Saint-Louis<\/title>\n<meta name=\"description\" content=\"Hier finden Sie allgemeine Tipps und Empfehlungen f\u00fcr das Tragen und die Pflege kieferorthop\u00e4discher Apparate: Zahnschienen, Ringklammern, linguale Zahnspange\" \/>\n<meta name=\"robots\" content=\"index, follow, max-snippet:-1, max-image-preview:large, max-video-preview:-1\" \/>\n<link rel=\"canonical\" href=\"https:\/\/www.dr-koch-jean.chirurgiens-dentistes.fr\/de\/consignes-orthodontiques\/\" \/>\n<meta property=\"og:locale\" content=\"de_DE\" \/>\n<meta property=\"og:type\" content=\"article\" \/>\n<meta property=\"og:title\" content=\"DOs und DON\u2019Ts der Kieferorthop\u00e4die | Dr. Jean Koch \u2013 Kieferorthop\u00e4de in Saint-Louis\" \/>\n<meta property=\"og:description\" content=\"Hier finden Sie allgemeine Tipps und Empfehlungen f\u00fcr das Tragen und die Pflege kieferorthop\u00e4discher Apparate: Zahnschienen, Ringklammern, linguale Zahnspange\" \/>\n<meta property=\"og:url\" content=\"https:\/\/www.dr-koch-jean.chirurgiens-dentistes.fr\/de\/consignes-orthodontiques\/\" \/>\n<meta property=\"og:site_name\" content=\"Dr Jean Koch\" \/>\n<meta property=\"article:modified_time\" content=\"2018-04-06T18:28:31+00:00\" \/>\n<meta name=\"twitter:card\" content=\"summary_large_image\" \/>\n<script type=\"application\/ld+json\" class=\"yoast-schema-graph\">{\"@context\":\"https:\\\/\\\/schema.org\",\"@graph\":[{\"@type\":\"WebPage\",\"@id\":\"https:\\\/\\\/www.dr-koch-jean.chirurgiens-dentistes.fr\\\/de\\\/consignes-orthodontiques\\\/\",\"url\":\"https:\\\/\\\/www.dr-koch-jean.chirurgiens-dentistes.fr\\\/de\\\/consignes-orthodontiques\\\/\",\"name\":\"DOs und DON\u2019Ts der Kieferorthop\u00e4die | Dr. Jean Koch \u2013 Kieferorthop\u00e4de in Saint-Louis\",\"isPartOf\":{\"@id\":\"https:\\\/\\\/www.dr-koch-jean.chirurgiens-dentistes.fr\\\/#website\"},\"datePublished\":\"2017-12-01T12:52:50+00:00\",\"dateModified\":\"2018-04-06T18:28:31+00:00\",\"description\":\"Hier finden Sie allgemeine Tipps und Empfehlungen f\u00fcr das Tragen und die Pflege kieferorthop\u00e4discher Apparate: Zahnschienen, Ringklammern, linguale Zahnspange\",\"breadcrumb\":{\"@id\":\"https:\\\/\\\/www.dr-koch-jean.chirurgiens-dentistes.fr\\\/de\\\/consignes-orthodontiques\\\/#breadcrumb\"},\"inLanguage\":\"de\",\"potentialAction\":[{\"@type\":\"ReadAction\",\"target\":[\"https:\\\/\\\/www.dr-koch-jean.chirurgiens-dentistes.fr\\\/de\\\/consignes-orthodontiques\\\/\"]}]},{\"@type\":\"BreadcrumbList\",\"@id\":\"https:\\\/\\\/www.dr-koch-jean.chirurgiens-dentistes.fr\\\/de\\\/consignes-orthodontiques\\\/#breadcrumb\",\"itemListElement\":[{\"@type\":\"ListItem\",\"position\":1,\"name\":\"Home\",\"item\":\"https:\\\/\\\/www.dr-koch-jean.chirurgiens-dentistes.fr\\\/de\\\/\"},{\"@type\":\"ListItem\",\"position\":2,\"name\":\"DOs und DON\u2019Ts der Kieferorthop\u00e4die\"}]},{\"@type\":\"WebSite\",\"@id\":\"https:\\\/\\\/www.dr-koch-jean.chirurgiens-dentistes.fr\\\/#website\",\"url\":\"https:\\\/\\\/www.dr-koch-jean.chirurgiens-dentistes.fr\\\/\",\"name\":\"Dr Jean Koch\",\"description\":\"Dr Jean Koch | Orthodontiste \u00e0 Saint-Louis, \u00e0 proximit\u00e9 de B\u00e2le et Mulhouse\",\"publisher\":{\"@id\":\"https:\\\/\\\/www.dr-koch-jean.chirurgiens-dentistes.fr\\\/#organization\"},\"potentialAction\":[{\"@type\":\"SearchAction\",\"target\":{\"@type\":\"EntryPoint\",\"urlTemplate\":\"https:\\\/\\\/www.dr-koch-jean.chirurgiens-dentistes.fr\\\/?s={search_term_string}\"},\"query-input\":{\"@type\":\"PropertyValueSpecification\",\"valueRequired\":true,\"valueName\":\"search_term_string\"}}],\"inLanguage\":\"de\"},{\"@type\":\"Organization\",\"@id\":\"https:\\\/\\\/www.dr-koch-jean.chirurgiens-dentistes.fr\\\/#organization\",\"name\":\"Dr Jean Koch | Orthodontiste \u00e0 Saint-Louis, \u00e0 proximit\u00e9 de B\u00e2le et Mulhouse\",\"url\":\"https:\\\/\\\/www.dr-koch-jean.chirurgiens-dentistes.fr\\\/\",\"logo\":{\"@type\":\"ImageObject\",\"inLanguage\":\"de\",\"@id\":\"https:\\\/\\\/www.dr-koch-jean.chirurgiens-dentistes.fr\\\/#\\\/schema\\\/logo\\\/image\\\/\",\"url\":\"https:\\\/\\\/www.dr-koch-jean.chirurgiens-dentistes.fr\\\/wp-content\\\/uploads\\\/2018\\\/01\\\/valuers2-2.jpg\",\"contentUrl\":\"https:\\\/\\\/www.dr-koch-jean.chirurgiens-dentistes.fr\\\/wp-content\\\/uploads\\\/2018\\\/01\\\/valuers2-2.jpg\",\"width\":115,\"height\":85,\"caption\":\"Dr Jean Koch | Orthodontiste \u00e0 Saint-Louis, \u00e0 proximit\u00e9 de B\u00e2le et Mulhouse\"},\"image\":{\"@id\":\"https:\\\/\\\/www.dr-koch-jean.chirurgiens-dentistes.fr\\\/#\\\/schema\\\/logo\\\/image\\\/\"}}]}<\/script>\n","yoast_head_json":{"title":"DOs und DON\u2019Ts der Kieferorthop\u00e4die | Dr. Jean Koch \u2013 Kieferorthop\u00e4de in Saint-Louis","description":"Hier finden Sie allgemeine Tipps und Empfehlungen f\u00fcr das Tragen und die Pflege kieferorthop\u00e4discher Apparate: Zahnschienen, Ringklammern, linguale Zahnspange","robots":{"index":"index","follow":"follow","max-snippet":"max-snippet:-1","max-image-preview":"max-image-preview:large","max-video-preview":"max-video-preview:-1"},"canonical":"https:\/\/www.dr-koch-jean.chirurgiens-dentistes.fr\/de\/consignes-orthodontiques\/","og_locale":"de_DE","og_type":"article","og_title":"DOs und DON\u2019Ts der Kieferorthop\u00e4die | Dr. Jean Koch \u2013 Kieferorthop\u00e4de in Saint-Louis","og_description":"Hier finden Sie allgemeine Tipps und Empfehlungen f\u00fcr das Tragen und die Pflege kieferorthop\u00e4discher Apparate: Zahnschienen, Ringklammern, linguale Zahnspange","og_url":"https:\/\/www.dr-koch-jean.chirurgiens-dentistes.fr\/de\/consignes-orthodontiques\/","og_site_name":"Dr Jean Koch","article_modified_time":"2018-04-06T18:28:31+00:00","twitter_card":"summary_large_image","schema":{"@context":"https:\/\/schema.org","@graph":[{"@type":"WebPage","@id":"https:\/\/www.dr-koch-jean.chirurgiens-dentistes.fr\/de\/consignes-orthodontiques\/","url":"https:\/\/www.dr-koch-jean.chirurgiens-dentistes.fr\/de\/consignes-orthodontiques\/","name":"DOs und DON\u2019Ts der Kieferorthop\u00e4die | Dr. Jean Koch \u2013 Kieferorthop\u00e4de in Saint-Louis","isPartOf":{"@id":"https:\/\/www.dr-koch-jean.chirurgiens-dentistes.fr\/#website"},"datePublished":"2017-12-01T12:52:50+00:00","dateModified":"2018-04-06T18:28:31+00:00","description":"Hier finden Sie allgemeine Tipps und Empfehlungen f\u00fcr das Tragen und die Pflege kieferorthop\u00e4discher Apparate: Zahnschienen, Ringklammern, linguale Zahnspange","breadcrumb":{"@id":"https:\/\/www.dr-koch-jean.chirurgiens-dentistes.fr\/de\/consignes-orthodontiques\/#breadcrumb"},"inLanguage":"de","potentialAction":[{"@type":"ReadAction","target":["https:\/\/www.dr-koch-jean.chirurgiens-dentistes.fr\/de\/consignes-orthodontiques\/"]}]},{"@type":"BreadcrumbList","@id":"https:\/\/www.dr-koch-jean.chirurgiens-dentistes.fr\/de\/consignes-orthodontiques\/#breadcrumb","itemListElement":[{"@type":"ListItem","position":1,"name":"Home","item":"https:\/\/www.dr-koch-jean.chirurgiens-dentistes.fr\/de\/"},{"@type":"ListItem","position":2,"name":"DOs und DON\u2019Ts der Kieferorthop\u00e4die"}]},{"@type":"WebSite","@id":"https:\/\/www.dr-koch-jean.chirurgiens-dentistes.fr\/#website","url":"https:\/\/www.dr-koch-jean.chirurgiens-dentistes.fr\/","name":"Dr Jean Koch","description":"Dr Jean Koch | Orthodontiste \u00e0 Saint-Louis, \u00e0 proximit\u00e9 de B\u00e2le et Mulhouse","publisher":{"@id":"https:\/\/www.dr-koch-jean.chirurgiens-dentistes.fr\/#organization"},"potentialAction":[{"@type":"SearchAction","target":{"@type":"EntryPoint","urlTemplate":"https:\/\/www.dr-koch-jean.chirurgiens-dentistes.fr\/?s={search_term_string}"},"query-input":{"@type":"PropertyValueSpecification","valueRequired":true,"valueName":"search_term_string"}}],"inLanguage":"de"},{"@type":"Organization","@id":"https:\/\/www.dr-koch-jean.chirurgiens-dentistes.fr\/#organization","name":"Dr Jean Koch | Orthodontiste \u00e0 Saint-Louis, \u00e0 proximit\u00e9 de B\u00e2le et Mulhouse","url":"https:\/\/www.dr-koch-jean.chirurgiens-dentistes.fr\/","logo":{"@type":"ImageObject","inLanguage":"de","@id":"https:\/\/www.dr-koch-jean.chirurgiens-dentistes.fr\/#\/schema\/logo\/image\/","url":"https:\/\/www.dr-koch-jean.chirurgiens-dentistes.fr\/wp-content\/uploads\/2018\/01\/valuers2-2.jpg","contentUrl":"https:\/\/www.dr-koch-jean.chirurgiens-dentistes.fr\/wp-content\/uploads\/2018\/01\/valuers2-2.jpg","width":115,"height":85,"caption":"Dr Jean Koch | Orthodontiste \u00e0 Saint-Louis, \u00e0 proximit\u00e9 de B\u00e2le et Mulhouse"},"image":{"@id":"https:\/\/www.dr-koch-jean.chirurgiens-dentistes.fr\/#\/schema\/logo\/image\/"}}]}},"_links":{"self":[{"href":"https:\/\/www.dr-koch-jean.chirurgiens-dentistes.fr\/de\/wp-json\/wp\/v2\/pages\/458","targetHints":{"allow":["GET"]}}],"collection":[{"href":"https:\/\/www.dr-koch-jean.chirurgiens-dentistes.fr\/de\/wp-json\/wp\/v2\/pages"}],"about":[{"href":"https:\/\/www.dr-koch-jean.chirurgiens-dentistes.fr\/de\/wp-json\/wp\/v2\/types\/page"}],"author":[{"embeddable":true,"href":"https:\/\/www.dr-koch-jean.chirurgiens-dentistes.fr\/de\/wp-json\/wp\/v2\/users\/3"}],"replies":[{"embeddable":true,"href":"https:\/\/www.dr-koch-jean.chirurgiens-dentistes.fr\/de\/wp-json\/wp\/v2\/comments?post=458"}],"version-history":[{"count":0,"href":"https:\/\/www.dr-koch-jean.chirurgiens-dentistes.fr\/de\/wp-json\/wp\/v2\/pages\/458\/revisions"}],"wp:attachment":[{"href":"https:\/\/www.dr-koch-jean.chirurgiens-dentistes.fr\/de\/wp-json\/wp\/v2\/media?parent=458"}],"curies":[{"name":"wp","href":"https:\/\/api.w.org\/{rel}","templated":true}]}}